{"id":1196,"date":"2024-01-02T11:05:48","date_gmt":"2024-01-02T11:05:48","guid":{"rendered":"https:\/\/www.knierim-yachtbau.de\/?page_id=1196"},"modified":"2024-01-10T11:11:31","modified_gmt":"2024-01-10T11:11:31","slug":"bootslagerung","status":"publish","type":"page","link":"https:\/\/www.knierim-yachtbau.de\/en\/bootslagerung\/","title":{"rendered":"Boat storage"},"content":{"rendered":"<div data-elementor-type=\"wp-page\" data-elementor-id=\"1196\" class=\"elementor elementor-1196\">\n\t\t\t\t\t\t\t<div class=\"elementor-element elementor-element-2da47e80 e-flex e-con-boxed e-con e-child\" data-id=\"2da47e80\" data-element_type=\"container\" data-settings=\"{&quot;content_width&quot;:&quot;boxed&quot;}\">\n\t\t\t\t\t<div class=\"e-con-inner\">\n\t\t\t\t<div class=\"elementor-element elementor-element-6d75cf78 elementor-widget elementor-widget-heading\" data-id=\"6d75cf78\" data-element_type=\"widget\" data-widget_type=\"heading.default\">\n\t\t\t\t<div class=\"elementor-widget-container\">\n\t\t\t<style>\/*! elementor - v3.18.0 - 20-12-2023 *\/\n.elementor-heading-title{padding:0;margin:0;line-height:1}.elementor-widget-heading .elementor-heading-title[class*=elementor-size-]>a{color:inherit;font-size:inherit;line-height:inherit}.elementor-widget-heading .elementor-heading-title.elementor-size-small{font-size:15px}.elementor-widget-heading .elementor-heading-title.elementor-size-medium{font-size:19px}.elementor-widget-heading .elementor-heading-title.elementor-size-large{font-size:29px}.elementor-widget-heading .elementor-heading-title.elementor-size-xl{font-size:39px}.elementor-widget-heading .elementor-heading-title.elementor-size-xxl{font-size:59px}<\/style><h1 class=\"elementor-heading-title elementor-size-xl\">Boat storage<\/h1>\t\t<\/div>\n\t\t\t\t<\/div>\n\t\t\t\t<div class=\"elementor-element elementor-element-37fe60e2 elementor-widget elementor-widget-heading\" data-id=\"37fe60e2\" data-element_type=\"widget\" data-widget_type=\"heading.default\">\n\t\t\t\t<div class=\"elementor-widget-container\">\n\t\t\t<h1 class=\"elementor-heading-title elementor-size-xl\">Secure winter storage indoors or outdoors <\/h1>\t\t<\/div>\n\t\t\t\t<\/div>\n\t\t\t\t<div class=\"elementor-element elementor-element-4e359d46 elementor-widget-divider--view-line elementor-widget elementor-widget-divider\" data-id=\"4e359d46\" data-element_type=\"widget\" data-widget_type=\"divider.default\">\n\t\t\t\t<div class=\"elementor-widget-container\">\n\t\t\t<style>\/*! elementor - v3.18.0 - 20-12-2023 *\/\n.elementor-widget-divider{--divider-border-style:none;--divider-border-width:1px;--divider-color:#0c0d0e;--divider-icon-size:20px;--divider-element-spacing:10px;--divider-pattern-height:24px;--divider-pattern-size:20px;--divider-pattern-url:none;--divider-pattern-repeat:repeat-x}.elementor-widget-divider .elementor-divider{display:flex}.elementor-widget-divider .elementor-divider__text{font-size:15px;line-height:1;max-width:95%}.elementor-widget-divider .elementor-divider__element{margin:0 var(--divider-element-spacing);flex-shrink:0}.elementor-widget-divider .elementor-icon{font-size:var(--divider-icon-size)}.elementor-widget-divider .elementor-divider-separator{display:flex;margin:0;direction:ltr}.elementor-widget-divider--view-line_icon .elementor-divider-separator,.elementor-widget-divider--view-line_text .elementor-divider-separator{align-items:center}.elementor-widget-divider--view-line_icon .elementor-divider-separator:after,.elementor-widget-divider--view-line_icon .elementor-divider-separator:before,.elementor-widget-divider--view-line_text .elementor-divider-separator:after,.elementor-widget-divider--view-line_text .elementor-divider-separator:before{display:block;content:\"\";border-bottom:0;flex-grow:1;border-top:var(--divider-border-width) var(--divider-border-style) var(--divider-color)}.elementor-widget-divider--element-align-left .elementor-divider .elementor-divider-separator>.elementor-divider__svg:first-of-type{flex-grow:0;flex-shrink:100}.elementor-widget-divider--element-align-left .elementor-divider-separator:before{content:none}.elementor-widget-divider--element-align-left .elementor-divider__element{margin-left:0}.elementor-widget-divider--element-align-right .elementor-divider .elementor-divider-separator>.elementor-divider__svg:last-of-type{flex-grow:0;flex-shrink:100}.elementor-widget-divider--element-align-right .elementor-divider-separator:after{content:none}.elementor-widget-divider--element-align-right .elementor-divider__element{margin-right:0}.elementor-widget-divider:not(.elementor-widget-divider--view-line_text):not(.elementor-widget-divider--view-line_icon) .elementor-divider-separator{border-top:var(--divider-border-width) var(--divider-border-style) var(--divider-color)}.elementor-widget-divider--separator-type-pattern{--divider-border-style:none}.elementor-widget-divider--separator-type-pattern.elementor-widget-divider--view-line .elementor-divider-separator,.elementor-widget-divider--separator-type-pattern:not(.elementor-widget-divider--view-line) .elementor-divider-separator:after,.elementor-widget-divider--separator-type-pattern:not(.elementor-widget-divider--view-line) .elementor-divider-separator:before,.elementor-widget-divider--separator-type-pattern:not([class*=elementor-widget-divider--view]) .elementor-divider-separator{width:100%;min-height:var(--divider-pattern-height);-webkit-mask-size:var(--divider-pattern-size) 100%;mask-size:var(--divider-pattern-size) 100%;-webkit-mask-repeat:var(--divider-pattern-repeat);mask-repeat:var(--divider-pattern-repeat);background-color:var(--divider-color);-webkit-mask-image:var(--divider-pattern-url);mask-image:var(--divider-pattern-url)}.elementor-widget-divider--no-spacing{--divider-pattern-size:auto}.elementor-widget-divider--bg-round{--divider-pattern-repeat:round}.rtl .elementor-widget-divider .elementor-divider__text{direction:rtl}.e-con-inner>.elementor-widget-divider,.e-con>.elementor-widget-divider{width:var(--container-widget-width,100%);--flex-grow:var(--container-widget-flex-grow)}<\/style>\t\t<div class=\"elementor-divider\">\n\t\t\t<span class=\"elementor-divider-separator\">\n\t\t\t\t\t\t<\/span>\n\t\t<\/div>\n\t\t\t\t<\/div>\n\t\t\t\t<\/div>\n\t\t\t\t\t<\/div>\n\t\t\t\t<\/div>\n\t\t<div class=\"elementor-element elementor-element-d2e05df e-flex e-con-boxed e-con e-parent\" data-id=\"d2e05df\" data-element_type=\"container\" data-settings=\"{&quot;content_width&quot;:&quot;boxed&quot;}\" data-core-v316-plus=\"true\">\n\t\t\t\t\t<div class=\"e-con-inner\">\n\t\t<div class=\"elementor-element elementor-element-62cc2b4 e-con-full e-flex e-con e-child\" data-id=\"62cc2b4\" data-element_type=\"container\" data-settings=\"{&quot;content_width&quot;:&quot;full&quot;}\">\n\t\t\t\t<div class=\"elementor-element elementor-element-361fd70 elementor-widget__width-initial elementor-widget elementor-widget-text-editor\" data-id=\"361fd70\" data-element_type=\"widget\" data-widget_type=\"text-editor.default\">\n\t\t\t\t<div class=\"elementor-widget-container\">\n\t\t\t<style>\/*! elementor - v3.18.0 - 20-12-2023 *\/\n.elementor-widget-text-editor.elementor-drop-cap-view-stacked .elementor-drop-cap{background-color:#69727d;color:#fff}.elementor-widget-text-editor.elementor-drop-cap-view-framed .elementor-drop-cap{color:#69727d;border:3px solid;background-color:transparent}.elementor-widget-text-editor:not(.elementor-drop-cap-view-default) .elementor-drop-cap{margin-top:8px}.elementor-widget-text-editor:not(.elementor-drop-cap-view-default) .elementor-drop-cap-letter{width:1em;height:1em}.elementor-widget-text-editor .elementor-drop-cap{float:left;text-align:center;line-height:1;font-size:50px}.elementor-widget-text-editor .elementor-drop-cap-letter{display:inline-block}<\/style>\t\t\t\t<p>Knierim operates two winter storage halls, most of which are heated. One hall has 6,000 m\u00b2 of storage space and a second, built in 2011, has 2,700 m\u00b2. There is also space for large yachts here, as the roller doors of the new hall are almost 10 meters high and allow ships up to 8 meters wide. The halls are equipped with smoke detectors. A security service provides regular surveillance throughout the site.<\/p><p>A few more outdoor winter storage spaces are available on the pier between the hall and the Kiel Canal.<\/p><p>\u00a0<\/p>\t\t\t\t\t\t<\/div>\n\t\t\t\t<\/div>\n\t\t\t\t<\/div>\n\t\t<div class=\"elementor-element elementor-element-207bc8e e-con-full e-flex e-con e-child\" data-id=\"207bc8e\" data-element_type=\"container\" data-settings=\"{&quot;content_width&quot;:&quot;full&quot;}\">\n\t\t<div class=\"elementor-element elementor-element-aa053d7 e-flex e-con-boxed e-con e-child\" data-id=\"aa053d7\" data-element_type=\"container\" data-settings=\"{&quot;content_width&quot;:&quot;boxed&quot;}\">\n\t\t\t\t\t<div class=\"e-con-inner\">\n\t\t\t\t<div class=\"elementor-element elementor-element-cc2ab29 elementor-widget elementor-widget-image\" data-id=\"cc2ab29\" data-element_type=\"widget\" data-widget_type=\"image.default\">\n\t\t\t\t<div class=\"elementor-widget-container\">\n\t\t\t<style>\/*! elementor - v3.18.0 - 20-12-2023 *\/\n.elementor-widget-image{text-align:center}.elementor-widget-image a{display:inline-block}.elementor-widget-image a img[src$=\".svg\"]{width:48px}.elementor-widget-image img{vertical-align:middle;display:inline-block}<\/style>\t\t\t\t\t\t\t\t\t\t\t\t<img fetchpriority=\"high\" width=\"800\" height=\"600\" src=\"https:\/\/www.knierim-yachtbau.de\/wp-content\/uploads\/2024\/01\/KR_Winterlager-1024x768.webp\" class=\"attachment-large size-large wp-image-1229\" alt=\"\" srcset=\"https:\/\/www.knierim-yachtbau.de\/wp-content\/uploads\/2024\/01\/KR_Winterlager-1024x768.webp 1024w, https:\/\/www.knierim-yachtbau.de\/wp-content\/uploads\/2024\/01\/KR_Winterlager-300x225.webp 300w, https:\/\/www.knierim-yachtbau.de\/wp-content\/uploads\/2024\/01\/KR_Winterlager-768x576.webp 768w, https:\/\/www.knierim-yachtbau.de\/wp-content\/uploads\/2024\/01\/KR_Winterlager-1536x1152.webp 1536w, https:\/\/www.knierim-yachtbau.de\/wp-content\/uploads\/2024\/01\/KR_Winterlager.webp 2048w\" sizes=\"(max-width: 800px) 100vw, 800px\" \/>\t\t\t\t\t\t\t\t\t\t\t\t\t\t\t<\/div>\n\t\t\t\t<\/div>\n\t\t\t\t\t<\/div>\n\t\t\t\t<\/div>\n\t\t<div class=\"elementor-element elementor-element-014a631 e-flex e-con-boxed e-con e-child\" data-id=\"014a631\" data-element_type=\"container\" data-settings=\"{&quot;content_width&quot;:&quot;boxed&quot;}\">\n\t\t\t\t\t<div class=\"e-con-inner\">\n\t\t\t\t\t<\/div>\n\t\t\t\t<\/div>\n\t\t\t\t<\/div>\n\t\t\t\t\t<\/div>\n\t\t\t\t<\/div>\n\t\t<div class=\"elementor-element elementor-element-6ae56b3 e-flex e-con-boxed e-con e-child\" data-id=\"6ae56b3\" data-element_type=\"container\" data-settings=\"{&quot;background_background&quot;:&quot;classic&quot;,&quot;content_width&quot;:&quot;boxed&quot;}\">\n\t\t\t\t\t<div class=\"e-con-inner\">\n\t\t\t\t<div class=\"elementor-element elementor-element-53c8295 elementor-widget elementor-widget-heading\" data-id=\"53c8295\" data-element_type=\"widget\" data-widget_type=\"heading.default\">\n\t\t\t\t<div class=\"elementor-widget-container\">\n\t\t\t<h1 class=\"elementor-heading-title elementor-size-xl\">Perfectly prepared for the new season<\/h1>\t\t<\/div>\n\t\t\t\t<\/div>\n\t\t\t\t<div class=\"elementor-element elementor-element-34f8de1 elementor-widget elementor-widget-heading\" data-id=\"34f8de1\" data-element_type=\"widget\" data-widget_type=\"heading.default\">\n\t\t\t\t<div class=\"elementor-widget-container\">\n\t\t\t<h1 class=\"elementor-heading-title elementor-size-xl\">Our all-round service in winter storage<\/h1>\t\t<\/div>\n\t\t\t\t<\/div>\n\t\t\t\t\t<\/div>\n\t\t\t\t<\/div>\n\t\t<div class=\"elementor-element elementor-element-0234010 e-flex e-con-boxed e-con e-parent\" data-id=\"0234010\" data-element_type=\"container\" data-settings=\"{&quot;background_background&quot;:&quot;classic&quot;,&quot;content_width&quot;:&quot;boxed&quot;}\" data-core-v316-plus=\"true\">\n\t\t\t\t\t<div class=\"e-con-inner\">\n\t\t<div class=\"elementor-element elementor-element-de9c532 e-con-full e-flex e-con e-child\" data-id=\"de9c532\" data-element_type=\"container\" data-settings=\"{&quot;content_width&quot;:&quot;full&quot;}\">\n\t\t\t\t<div class=\"elementor-element elementor-element-c9f0dad elementor-widget elementor-widget-text-editor\" data-id=\"c9f0dad\" data-element_type=\"widget\" data-widget_type=\"text-editor.default\">\n\t\t\t\t<div class=\"elementor-widget-container\">\n\t\t\t\t\t\t\t<p>Winter storage at Knierim is valet parking for boats: we lay the mast in the boatyard's own harbor basin. Professionals crane your yacht. Once cleaned, it is placed on a sturdy dockyard trestle with a guarded roof over the deck, frost-free heating and a smoke detector. Let us know in the fall what work you would like to have done and you can pick up your yacht in the spring, well maintained and ready for the summer season.<\/p><div class=\"et_pb_column et_pb_column_1_2 et_pb_column_2 et_pb_css_mix_blend_mode_passthrough\"><div class=\"et_pb_module et_pb_text et_pb_text_0 et_pb_text_align_left et_pb_bg_layout_light\"><div class=\"et_pb_text_inner\"><div class=\"content clearfix\"><p>In addition to the typical winter storage work, from time to time major overhaul work and conversion requests arise or damage needs to be repaired. Of course, the entire range of services offered by the shipyard is available for this.<\/p><\/div><\/div><\/div><\/div>\t\t\t\t\t\t<\/div>\n\t\t\t\t<\/div>\n\t\t\t\t<div class=\"elementor-element elementor-element-c202b3b elementor-align-center elementor-widget elementor-widget-button\" data-id=\"c202b3b\" data-element_type=\"widget\" data-widget_type=\"button.default\">\n\t\t\t\t<div class=\"elementor-widget-container\">\n\t\t\t\t\t<div class=\"elementor-button-wrapper\">\n\t\t\t<a class=\"elementor-button elementor-button-link elementor-size-sm\" href=\"https:\/\/www.knierim-yachtbau.de\/en\/reparatur-umbau\/\">\n\t\t\t\t\t\t<span class=\"elementor-button-content-wrapper\">\n\t\t\t\t\t\t<span class=\"elementor-button-text\">Our repair and refit services<\/span>\n\t\t<\/span>\n\t\t\t\t\t<\/a>\n\t\t<\/div>\n\t\t\t\t<\/div>\n\t\t\t\t<\/div>\n\t\t\t\t<\/div>\n\t\t<div class=\"elementor-element elementor-element-a7c428f e-con-full e-flex e-con e-child\" data-id=\"a7c428f\" data-element_type=\"container\" data-settings=\"{&quot;content_width&quot;:&quot;full&quot;}\">\n\t\t\t\t<div class=\"elementor-element elementor-element-cb336f9 elementor-widget elementor-widget-text-editor\" data-id=\"cb336f9\" data-element_type=\"widget\" data-widget_type=\"text-editor.default\">\n\t\t\t\t<div class=\"elementor-widget-container\">\n\t\t\t\t\t\t\t<div><strong>Our services in winter storage<\/strong><\/div><ul><li>Lay and store the mast and set it up again in spring<\/li><li>Crane your boat<\/li><li>Clean the underwater hull using high pressure<\/li><li>Winterizing the engine<\/li><li>Servicing electrics<\/li><li>Polishing the exterior and deck<\/li><li>Sanding and painting the underwater hull<\/li><li>Remove gelcoat scratches<\/li><li>Repairs of all kinds<\/li><li>Sanding the teak deck<\/li><li>Painting wooden parts<\/li><li>Get spare parts<\/li><\/ul>\t\t\t\t\t\t<\/div>\n\t\t\t\t<\/div>\n\t\t\t\t<\/div>\n\t\t\t\t\t<\/div>\n\t\t\t\t<\/div>\n\t\t<div class=\"elementor-element elementor-element-ab0b183 e-flex e-con-boxed e-con e-child\" data-id=\"ab0b183\" data-element_type=\"container\" data-settings=\"{&quot;content_width&quot;:&quot;boxed&quot;}\">\n\t\t\t\t\t<div class=\"e-con-inner\">\n\t\t\t\t<div class=\"elementor-element elementor-element-0beb75f elementor-widget-divider--view-line elementor-widget elementor-widget-divider\" data-id=\"0beb75f\" data-element_type=\"widget\" data-widget_type=\"divider.default\">\n\t\t\t\t<div class=\"elementor-widget-container\">\n\t\t\t\t\t<div class=\"elementor-divider\">\n\t\t\t<span class=\"elementor-divider-separator\">\n\t\t\t\t\t\t<\/span>\n\t\t<\/div>\n\t\t\t\t<\/div>\n\t\t\t\t<\/div>\n\t\t\t\t<div class=\"elementor-element elementor-element-3759365 elementor-widget elementor-widget-heading\" data-id=\"3759365\" data-element_type=\"widget\" data-widget_type=\"heading.default\">\n\t\t\t\t<div class=\"elementor-widget-container\">\n\t\t\t<h1 class=\"elementor-heading-title elementor-size-xl\">Crane<\/h1>\t\t<\/div>\n\t\t\t\t<\/div>\n\t\t\t\t<div class=\"elementor-element elementor-element-f71914d elementor-widget elementor-widget-heading\" data-id=\"f71914d\" data-element_type=\"widget\" data-widget_type=\"heading.default\">\n\t\t\t\t<div class=\"elementor-widget-container\">\n\t\t\t<h1 class=\"elementor-heading-title elementor-size-xl\">Relaxed into winter storage and to the start of the season<\/h1>\t\t<\/div>\n\t\t\t\t<\/div>\n\t\t\t\t\t<\/div>\n\t\t\t\t<\/div>\n\t\t<div class=\"elementor-element elementor-element-8ce7337 e-flex e-con-boxed e-con e-parent\" data-id=\"8ce7337\" data-element_type=\"container\" data-settings=\"{&quot;content_width&quot;:&quot;boxed&quot;}\" data-core-v316-plus=\"true\">\n\t\t\t\t\t<div class=\"e-con-inner\">\n\t\t<div class=\"elementor-element elementor-element-dcc1483 e-flex e-con-boxed e-con e-child\" data-id=\"dcc1483\" data-element_type=\"container\" data-settings=\"{&quot;content_width&quot;:&quot;boxed&quot;}\">\n\t\t\t\t\t<div class=\"e-con-inner\">\n\t\t\t\t<div class=\"elementor-element elementor-element-4499f44 elementor-widget elementor-widget-image\" data-id=\"4499f44\" data-element_type=\"widget\" data-widget_type=\"image.default\">\n\t\t\t\t<div class=\"elementor-widget-container\">\n\t\t\t\t\t\t\t\t\t\t\t\t\t\t\t<img width=\"768\" height=\"576\" src=\"https:\/\/www.knierim-yachtbau.de\/wp-content\/uploads\/2024\/01\/KR_Winterlager_joy-Kran-768x576.webp\" class=\"attachment-medium_large size-medium_large wp-image-1234\" alt=\"\" srcset=\"https:\/\/www.knierim-yachtbau.de\/wp-content\/uploads\/2024\/01\/KR_Winterlager_joy-Kran-768x576.webp 768w, https:\/\/www.knierim-yachtbau.de\/wp-content\/uploads\/2024\/01\/KR_Winterlager_joy-Kran-300x225.webp 300w, https:\/\/www.knierim-yachtbau.de\/wp-content\/uploads\/2024\/01\/KR_Winterlager_joy-Kran-1024x768.webp 1024w, https:\/\/www.knierim-yachtbau.de\/wp-content\/uploads\/2024\/01\/KR_Winterlager_joy-Kran-1536x1152.webp 1536w, https:\/\/www.knierim-yachtbau.de\/wp-content\/uploads\/2024\/01\/KR_Winterlager_joy-Kran.webp 2048w\" sizes=\"(max-width: 768px) 100vw, 768px\" \/>\t\t\t\t\t\t\t\t\t\t\t\t\t\t\t<\/div>\n\t\t\t\t<\/div>\n\t\t\t\t\t<\/div>\n\t\t\t\t<\/div>\n\t\t<div class=\"elementor-element elementor-element-fb2115f e-con-full e-flex e-con e-child\" data-id=\"fb2115f\" data-element_type=\"container\" data-settings=\"{&quot;content_width&quot;:&quot;full&quot;}\">\n\t\t\t\t<div class=\"elementor-element elementor-element-35d8508 elementor-widget__width-initial elementor-widget elementor-widget-text-editor\" data-id=\"35d8508\" data-element_type=\"widget\" data-widget_type=\"text-editor.default\">\n\t\t\t\t<div class=\"elementor-widget-container\">\n\t\t\t\t\t\t\t<p>Knierim Yachtbau uses its own crane for yachts up to 30 tons. This crane is mobile and can be used for smaller loads anywhere on the site. Due to its design, it can not only be used to lift yachts out of the water, but also to easily move containers and unload boats from trucks. For larger boats, we work together with crane partners from the surrounding area.<\/p><p>Two hydraulic pallet trucks are available for transportation from the crane to the hall. The larger and newer one can move up to 70 tons.<\/p>\t\t\t\t\t\t<\/div>\n\t\t\t\t<\/div>\n\t\t\t\t<\/div>\n\t\t\t\t\t<\/div>\n\t\t\t\t<\/div>\n\t\t\t\t\t\t\t<\/div>","protected":false},"excerpt":{"rendered":"<p>Bootslagerung Sicheres Winterlager in der Halle oder im Freien Knierim\u00a0verf\u00fcgt \u00fcber zwei Winterlagerhallen, die gr\u00f6\u00dftenteils beheizt sind. Eine\u00a0Halle verf\u00fcgt \u00fcber 6.000 m\u00b2 und eine zweite 2011 gebaute \u00fcber 2.700 m\u00b2 Stellfl\u00e4che. Auch gro\u00dfe Yachten finden hier Platz, denn die Rolltore der neuen Halle sind knapp 10 Meter hoch und lassen eine Schiffsbreite bis\u00a08 Meter\u00a0zu. Die [&hellip;]<\/p>","protected":false},"author":1,"featured_media":0,"parent":0,"menu_order":0,"comment_status":"closed","ping_status":"closed","template":"","meta":[],"_links":{"self":[{"href":"https:\/\/www.knierim-yachtbau.de\/en\/wp-json\/wp\/v2\/pages\/1196"}],"collection":[{"href":"https:\/\/www.knierim-yachtbau.de\/en\/wp-json\/wp\/v2\/pages"}],"about":[{"href":"https:\/\/www.knierim-yachtbau.de\/en\/wp-json\/wp\/v2\/types\/page"}],"author":[{"embeddable":true,"href":"https:\/\/www.knierim-yachtbau.de\/en\/wp-json\/wp\/v2\/users\/1"}],"replies":[{"embeddable":true,"href":"https:\/\/www.knierim-yachtbau.de\/en\/wp-json\/wp\/v2\/comments?post=1196"}],"version-history":[{"count":52,"href":"https:\/\/www.knierim-yachtbau.de\/en\/wp-json\/wp\/v2\/pages\/1196\/revisions"}],"predecessor-version":[{"id":2437,"href":"https:\/\/www.knierim-yachtbau.de\/en\/wp-json\/wp\/v2\/pages\/1196\/revisions\/2437"}],"wp:attachment":[{"href":"https:\/\/www.knierim-yachtbau.de\/en\/wp-json\/wp\/v2\/media?parent=1196"}],"curies":[{"name":"wp","href":"https:\/\/api.w.org\/{rel}","templated":true}]}}