{"id":1285,"date":"2024-01-02T12:57:49","date_gmt":"2024-01-02T12:57:49","guid":{"rendered":"https:\/\/www.knierim-yachtbau.de\/?page_id=1285"},"modified":"2025-01-14T10:48:38","modified_gmt":"2025-01-14T10:48:38","slug":"geschaeftsfuehrung","status":"publish","type":"page","link":"https:\/\/www.knierim-yachtbau.de\/en\/geschaeftsfuehrung\/","title":{"rendered":"Management"},"content":{"rendered":"<div data-elementor-type=\"wp-page\" data-elementor-id=\"1285\" class=\"elementor elementor-1285\">\n\t\t\t\t\t\t\t<div class=\"elementor-element elementor-element-3d806cd5 e-flex e-con-boxed e-con e-child\" data-id=\"3d806cd5\" data-element_type=\"container\" data-settings=\"{&quot;content_width&quot;:&quot;boxed&quot;}\">\n\t\t\t\t\t<div class=\"e-con-inner\">\n\t\t\t\t<div class=\"elementor-element elementor-element-5f3854fe elementor-widget elementor-widget-heading\" data-id=\"5f3854fe\" data-element_type=\"widget\" data-widget_type=\"heading.default\">\n\t\t\t\t<div class=\"elementor-widget-container\">\n\t\t\t<style>\/*! elementor - v3.18.0 - 20-12-2023 *\/\n.elementor-heading-title{padding:0;margin:0;line-height:1}.elementor-widget-heading .elementor-heading-title[class*=elementor-size-]>a{color:inherit;font-size:inherit;line-height:inherit}.elementor-widget-heading .elementor-heading-title.elementor-size-small{font-size:15px}.elementor-widget-heading .elementor-heading-title.elementor-size-medium{font-size:19px}.elementor-widget-heading .elementor-heading-title.elementor-size-large{font-size:29px}.elementor-widget-heading .elementor-heading-title.elementor-size-xl{font-size:39px}.elementor-widget-heading .elementor-heading-title.elementor-size-xxl{font-size:59px}<\/style><h1 class=\"elementor-heading-title elementor-size-xl\">About<\/h1>\t\t<\/div>\n\t\t\t\t<\/div>\n\t\t\t\t<div class=\"elementor-element elementor-element-44b7d38 elementor-widget elementor-widget-heading\" data-id=\"44b7d38\" data-element_type=\"widget\" data-widget_type=\"heading.default\">\n\t\t\t\t<div class=\"elementor-widget-container\">\n\t\t\t<h1 class=\"elementor-heading-title elementor-size-xl\">Management<\/h1>\t\t<\/div>\n\t\t\t\t<\/div>\n\t\t\t\t<div class=\"elementor-element elementor-element-77c8d6f6 elementor-widget-divider--view-line elementor-widget elementor-widget-divider\" data-id=\"77c8d6f6\" data-element_type=\"widget\" data-widget_type=\"divider.default\">\n\t\t\t\t<div class=\"elementor-widget-container\">\n\t\t\t<style>\/*! elementor - v3.18.0 - 20-12-2023 *\/\n.elementor-widget-divider{--divider-border-style:none;--divider-border-width:1px;--divider-color:#0c0d0e;--divider-icon-size:20px;--divider-element-spacing:10px;--divider-pattern-height:24px;--divider-pattern-size:20px;--divider-pattern-url:none;--divider-pattern-repeat:repeat-x}.elementor-widget-divider .elementor-divider{display:flex}.elementor-widget-divider .elementor-divider__text{font-size:15px;line-height:1;max-width:95%}.elementor-widget-divider .elementor-divider__element{margin:0 var(--divider-element-spacing);flex-shrink:0}.elementor-widget-divider .elementor-icon{font-size:var(--divider-icon-size)}.elementor-widget-divider .elementor-divider-separator{display:flex;margin:0;direction:ltr}.elementor-widget-divider--view-line_icon .elementor-divider-separator,.elementor-widget-divider--view-line_text .elementor-divider-separator{align-items:center}.elementor-widget-divider--view-line_icon .elementor-divider-separator:after,.elementor-widget-divider--view-line_icon .elementor-divider-separator:before,.elementor-widget-divider--view-line_text .elementor-divider-separator:after,.elementor-widget-divider--view-line_text .elementor-divider-separator:before{display:block;content:\"\";border-bottom:0;flex-grow:1;border-top:var(--divider-border-width) var(--divider-border-style) var(--divider-color)}.elementor-widget-divider--element-align-left .elementor-divider .elementor-divider-separator>.elementor-divider__svg:first-of-type{flex-grow:0;flex-shrink:100}.elementor-widget-divider--element-align-left .elementor-divider-separator:before{content:none}.elementor-widget-divider--element-align-left .elementor-divider__element{margin-left:0}.elementor-widget-divider--element-align-right .elementor-divider .elementor-divider-separator>.elementor-divider__svg:last-of-type{flex-grow:0;flex-shrink:100}.elementor-widget-divider--element-align-right .elementor-divider-separator:after{content:none}.elementor-widget-divider--element-align-right .elementor-divider__element{margin-right:0}.elementor-widget-divider:not(.elementor-widget-divider--view-line_text):not(.elementor-widget-divider--view-line_icon) .elementor-divider-separator{border-top:var(--divider-border-width) var(--divider-border-style) var(--divider-color)}.elementor-widget-divider--separator-type-pattern{--divider-border-style:none}.elementor-widget-divider--separator-type-pattern.elementor-widget-divider--view-line .elementor-divider-separator,.elementor-widget-divider--separator-type-pattern:not(.elementor-widget-divider--view-line) .elementor-divider-separator:after,.elementor-widget-divider--separator-type-pattern:not(.elementor-widget-divider--view-line) .elementor-divider-separator:before,.elementor-widget-divider--separator-type-pattern:not([class*=elementor-widget-divider--view]) .elementor-divider-separator{width:100%;min-height:var(--divider-pattern-height);-webkit-mask-size:var(--divider-pattern-size) 100%;mask-size:var(--divider-pattern-size) 100%;-webkit-mask-repeat:var(--divider-pattern-repeat);mask-repeat:var(--divider-pattern-repeat);background-color:var(--divider-color);-webkit-mask-image:var(--divider-pattern-url);mask-image:var(--divider-pattern-url)}.elementor-widget-divider--no-spacing{--divider-pattern-size:auto}.elementor-widget-divider--bg-round{--divider-pattern-repeat:round}.rtl .elementor-widget-divider .elementor-divider__text{direction:rtl}.e-con-inner>.elementor-widget-divider,.e-con>.elementor-widget-divider{width:var(--container-widget-width,100%);--flex-grow:var(--container-widget-flex-grow)}<\/style>\t\t<div class=\"elementor-divider\">\n\t\t\t<span class=\"elementor-divider-separator\">\n\t\t\t\t\t\t<\/span>\n\t\t<\/div>\n\t\t\t\t<\/div>\n\t\t\t\t<\/div>\n\t\t\t\t\t<\/div>\n\t\t\t\t<\/div>\n\t\t<div class=\"elementor-element elementor-element-b760cc0 e-flex e-con-boxed e-con e-parent\" data-id=\"b760cc0\" data-element_type=\"container\" data-settings=\"{&quot;content_width&quot;:&quot;boxed&quot;}\" data-core-v316-plus=\"true\">\n\t\t\t\t\t<div class=\"e-con-inner\">\n\t\t<div class=\"elementor-element elementor-element-3afe355 e-con-full e-flex e-con e-child\" data-id=\"3afe355\" data-element_type=\"container\" data-settings=\"{&quot;content_width&quot;:&quot;full&quot;}\">\n\t\t\t\t<div class=\"elementor-element elementor-element-e8b1db8 elementor-widget elementor-widget-text-editor\" data-id=\"e8b1db8\" data-element_type=\"widget\" data-widget_type=\"text-editor.default\">\n\t\t\t\t<div class=\"elementor-widget-container\">\n\t\t\t<style>\/*! elementor - v3.18.0 - 20-12-2023 *\/\n.elementor-widget-text-editor.elementor-drop-cap-view-stacked .elementor-drop-cap{background-color:#69727d;color:#fff}.elementor-widget-text-editor.elementor-drop-cap-view-framed .elementor-drop-cap{color:#69727d;border:3px solid;background-color:transparent}.elementor-widget-text-editor:not(.elementor-drop-cap-view-default) .elementor-drop-cap{margin-top:8px}.elementor-widget-text-editor:not(.elementor-drop-cap-view-default) .elementor-drop-cap-letter{width:1em;height:1em}.elementor-widget-text-editor .elementor-drop-cap{float:left;text-align:center;line-height:1;font-size:50px}.elementor-widget-text-editor .elementor-drop-cap-letter{display:inline-block}<\/style>\t\t\t\t<p>On January 6th, 1965, master boat builder G\u00fcnter Knierim founded the G\u00fcnter Knierim yacht and boatyard in Laboe. In the years that followed, the company grew steadily and made a name for itself beyond the borders of Germany.<\/p><p>In May 2000, his son Gunnar Knierim took over the management of Knierim Yacht- und Bootswerft GmbH. Under the leadership of the 1993 Admiral's Cup winner, who had already made a name for himself as a builder of high-tech regatta yachts on various ILLBRUCK projects, completely new opportunities opened up for the shipyard. As a logical consequence of the growing interest in large high-tech composite boats, he founded Knierim Yachtbau GmbH on the Kiel Canal in 2002, whose first project was the construction of the largest German ocean-going racing yacht UCA.<\/p><p>In order to meet the new requirements even better, Steffen M\u00fcller joined Knierim Yachtbau GmbH as a partner. With the experience gained from building several racing yachts and his involvement in the \"Illbruck America's Cup Campaign\", the Admiral's Cup winner takes over the link between design and boat building.<\/p>\t\t\t\t\t\t<\/div>\n\t\t\t\t<\/div>\n\t\t\t\t<\/div>\n\t\t<div class=\"elementor-element elementor-element-72bf6df e-con-full e-flex e-con e-child\" data-id=\"72bf6df\" data-element_type=\"container\" data-settings=\"{&quot;content_width&quot;:&quot;full&quot;}\">\n\t\t\t\t<div class=\"elementor-element elementor-element-7635b10 elementor-widget elementor-widget-image\" data-id=\"7635b10\" data-element_type=\"widget\" data-widget_type=\"image.default\">\n\t\t\t\t<div class=\"elementor-widget-container\">\n\t\t\t<style>\/*! elementor - v3.18.0 - 20-12-2023 *\/\n.elementor-widget-image{text-align:center}.elementor-widget-image a{display:inline-block}.elementor-widget-image a img[src$=\".svg\"]{width:48px}.elementor-widget-image img{vertical-align:middle;display:inline-block}<\/style>\t\t\t\t\t\t\t\t\t<figure class=\"wp-caption\">\n\t\t\t\t\t\t\t\t\t\t<img fetchpriority=\"high\" width=\"800\" height=\"534\" src=\"https:\/\/www.knierim-yachtbau.de\/wp-content\/uploads\/2025\/01\/kr_geschaeftsfuehrer-1-1024x683.webp\" class=\"attachment-large size-large wp-image-3099\" alt=\"\" srcset=\"https:\/\/www.knierim-yachtbau.de\/wp-content\/uploads\/2025\/01\/kr_geschaeftsfuehrer-1-1024x683.webp 1024w, https:\/\/www.knierim-yachtbau.de\/wp-content\/uploads\/2025\/01\/kr_geschaeftsfuehrer-1-300x200.webp 300w, https:\/\/www.knierim-yachtbau.de\/wp-content\/uploads\/2025\/01\/kr_geschaeftsfuehrer-1-768x512.webp 768w, https:\/\/www.knierim-yachtbau.de\/wp-content\/uploads\/2025\/01\/kr_geschaeftsfuehrer-1-1536x1024.webp 1536w, https:\/\/www.knierim-yachtbau.de\/wp-content\/uploads\/2025\/01\/kr_geschaeftsfuehrer-1-2048x1365.webp 2048w, https:\/\/www.knierim-yachtbau.de\/wp-content\/uploads\/2025\/01\/kr_geschaeftsfuehrer-1-18x12.webp 18w\" sizes=\"(max-width: 800px) 100vw, 800px\" \/>\t\t\t\t\t\t\t\t\t\t\t<figcaption class=\"widget-image-caption wp-caption-text\">Gunnar Knierim and Steffen M\u00fcller (from left to right)<\/figcaption>\n\t\t\t\t\t\t\t\t\t\t<\/figure>\n\t\t\t\t\t\t\t\t\t<\/div>\n\t\t\t\t<\/div>\n\t\t\t\t<\/div>\n\t\t\t\t\t<\/div>\n\t\t\t\t<\/div>\n\t\t\t\t\t\t\t<\/div>","protected":false},"excerpt":{"rendered":"<p>\u00dcber uns Gesch\u00e4ftsf\u00fchrung Am 06.01.1965 gr\u00fcndete Bootsbaumeister G\u00fcnter Knierim in Laboe die Yacht- und Bootswerft G\u00fcnter Knierim. In den darauf folgenden Jahren wuchs das Unternehmen stetig heran und machte sich auch \u00fcber die Grenzen Deutschlands hinaus einen Namen. Im Mai 2000 \u00fcbernahm sein\u00a0Sohn\u00a0Gunnar Knierim\u00a0die Leitung der Knierim Yacht- und Bootswerft GmbH. Unter der F\u00fchrung des [&hellip;]<\/p>","protected":false},"author":1,"featured_media":0,"parent":0,"menu_order":0,"comment_status":"closed","ping_status":"closed","template":"","meta":[],"_links":{"self":[{"href":"https:\/\/www.knierim-yachtbau.de\/en\/wp-json\/wp\/v2\/pages\/1285"}],"collection":[{"href":"https:\/\/www.knierim-yachtbau.de\/en\/wp-json\/wp\/v2\/pages"}],"about":[{"href":"https:\/\/www.knierim-yachtbau.de\/en\/wp-json\/wp\/v2\/types\/page"}],"author":[{"embeddable":true,"href":"https:\/\/www.knierim-yachtbau.de\/en\/wp-json\/wp\/v2\/users\/1"}],"replies":[{"embeddable":true,"href":"https:\/\/www.knierim-yachtbau.de\/en\/wp-json\/wp\/v2\/comments?post=1285"}],"version-history":[{"count":16,"href":"https:\/\/www.knierim-yachtbau.de\/en\/wp-json\/wp\/v2\/pages\/1285\/revisions"}],"predecessor-version":[{"id":3102,"href":"https:\/\/www.knierim-yachtbau.de\/en\/wp-json\/wp\/v2\/pages\/1285\/revisions\/3102"}],"wp:attachment":[{"href":"https:\/\/www.knierim-yachtbau.de\/en\/wp-json\/wp\/v2\/media?parent=1285"}],"curies":[{"name":"wp","href":"https:\/\/api.w.org\/{rel}","templated":true}]}}