{"id":1289,"date":"2024-01-02T13:02:03","date_gmt":"2024-01-02T13:02:03","guid":{"rendered":"https:\/\/www.knierim-yachtbau.de\/?page_id=1289"},"modified":"2024-08-13T07:55:32","modified_gmt":"2024-08-13T07:55:32","slug":"anfahrt","status":"publish","type":"page","link":"https:\/\/www.knierim-yachtbau.de\/en\/anfahrt\/","title":{"rendered":"How to get there"},"content":{"rendered":"<div data-elementor-type=\"wp-page\" data-elementor-id=\"1289\" class=\"elementor elementor-1289\">\n\t\t\t\t\t\t\t<div class=\"elementor-element elementor-element-535f58ec e-flex e-con-boxed e-con e-child\" data-id=\"535f58ec\" data-element_type=\"container\" data-settings=\"{&quot;content_width&quot;:&quot;boxed&quot;}\">\n\t\t\t\t\t<div class=\"e-con-inner\">\n\t\t\t\t<div class=\"elementor-element elementor-element-26449ce5 elementor-widget elementor-widget-heading\" data-id=\"26449ce5\" data-element_type=\"widget\" data-widget_type=\"heading.default\">\n\t\t\t\t<div class=\"elementor-widget-container\">\n\t\t\t<style>\/*! elementor - v3.18.0 - 20-12-2023 *\/\n.elementor-heading-title{padding:0;margin:0;line-height:1}.elementor-widget-heading .elementor-heading-title[class*=elementor-size-]>a{color:inherit;font-size:inherit;line-height:inherit}.elementor-widget-heading .elementor-heading-title.elementor-size-small{font-size:15px}.elementor-widget-heading .elementor-heading-title.elementor-size-medium{font-size:19px}.elementor-widget-heading .elementor-heading-title.elementor-size-large{font-size:29px}.elementor-widget-heading .elementor-heading-title.elementor-size-xl{font-size:39px}.elementor-widget-heading .elementor-heading-title.elementor-size-xxl{font-size:59px}<\/style><h1 class=\"elementor-heading-title elementor-size-xl\">How to get there<\/h1>\t\t<\/div>\n\t\t\t\t<\/div>\n\t\t\t\t<div class=\"elementor-element elementor-element-7d5820d8 elementor-widget elementor-widget-heading\" data-id=\"7d5820d8\" data-element_type=\"widget\" data-widget_type=\"heading.default\">\n\t\t\t\t<div class=\"elementor-widget-container\">\n\t\t\t<h1 class=\"elementor-heading-title elementor-size-xl\">Your way to Knierim<\/h1>\t\t<\/div>\n\t\t\t\t<\/div>\n\t\t\t\t<div class=\"elementor-element elementor-element-47b74320 elementor-widget-divider--view-line elementor-widget elementor-widget-divider\" data-id=\"47b74320\" data-element_type=\"widget\" data-widget_type=\"divider.default\">\n\t\t\t\t<div class=\"elementor-widget-container\">\n\t\t\t<style>\/*! elementor - v3.18.0 - 20-12-2023 *\/\n.elementor-widget-divider{--divider-border-style:none;--divider-border-width:1px;--divider-color:#0c0d0e;--divider-icon-size:20px;--divider-element-spacing:10px;--divider-pattern-height:24px;--divider-pattern-size:20px;--divider-pattern-url:none;--divider-pattern-repeat:repeat-x}.elementor-widget-divider .elementor-divider{display:flex}.elementor-widget-divider .elementor-divider__text{font-size:15px;line-height:1;max-width:95%}.elementor-widget-divider .elementor-divider__element{margin:0 var(--divider-element-spacing);flex-shrink:0}.elementor-widget-divider .elementor-icon{font-size:var(--divider-icon-size)}.elementor-widget-divider .elementor-divider-separator{display:flex;margin:0;direction:ltr}.elementor-widget-divider--view-line_icon .elementor-divider-separator,.elementor-widget-divider--view-line_text .elementor-divider-separator{align-items:center}.elementor-widget-divider--view-line_icon .elementor-divider-separator:after,.elementor-widget-divider--view-line_icon .elementor-divider-separator:before,.elementor-widget-divider--view-line_text .elementor-divider-separator:after,.elementor-widget-divider--view-line_text .elementor-divider-separator:before{display:block;content:\"\";border-bottom:0;flex-grow:1;border-top:var(--divider-border-width) var(--divider-border-style) var(--divider-color)}.elementor-widget-divider--element-align-left .elementor-divider .elementor-divider-separator>.elementor-divider__svg:first-of-type{flex-grow:0;flex-shrink:100}.elementor-widget-divider--element-align-left .elementor-divider-separator:before{content:none}.elementor-widget-divider--element-align-left .elementor-divider__element{margin-left:0}.elementor-widget-divider--element-align-right .elementor-divider .elementor-divider-separator>.elementor-divider__svg:last-of-type{flex-grow:0;flex-shrink:100}.elementor-widget-divider--element-align-right .elementor-divider-separator:after{content:none}.elementor-widget-divider--element-align-right .elementor-divider__element{margin-right:0}.elementor-widget-divider:not(.elementor-widget-divider--view-line_text):not(.elementor-widget-divider--view-line_icon) .elementor-divider-separator{border-top:var(--divider-border-width) var(--divider-border-style) var(--divider-color)}.elementor-widget-divider--separator-type-pattern{--divider-border-style:none}.elementor-widget-divider--separator-type-pattern.elementor-widget-divider--view-line .elementor-divider-separator,.elementor-widget-divider--separator-type-pattern:not(.elementor-widget-divider--view-line) .elementor-divider-separator:after,.elementor-widget-divider--separator-type-pattern:not(.elementor-widget-divider--view-line) .elementor-divider-separator:before,.elementor-widget-divider--separator-type-pattern:not([class*=elementor-widget-divider--view]) .elementor-divider-separator{width:100%;min-height:var(--divider-pattern-height);-webkit-mask-size:var(--divider-pattern-size) 100%;mask-size:var(--divider-pattern-size) 100%;-webkit-mask-repeat:var(--divider-pattern-repeat);mask-repeat:var(--divider-pattern-repeat);background-color:var(--divider-color);-webkit-mask-image:var(--divider-pattern-url);mask-image:var(--divider-pattern-url)}.elementor-widget-divider--no-spacing{--divider-pattern-size:auto}.elementor-widget-divider--bg-round{--divider-pattern-repeat:round}.rtl .elementor-widget-divider .elementor-divider__text{direction:rtl}.e-con-inner>.elementor-widget-divider,.e-con>.elementor-widget-divider{width:var(--container-widget-width,100%);--flex-grow:var(--container-widget-flex-grow)}<\/style>\t\t<div class=\"elementor-divider\">\n\t\t\t<span class=\"elementor-divider-separator\">\n\t\t\t\t\t\t<\/span>\n\t\t<\/div>\n\t\t\t\t<\/div>\n\t\t\t\t<\/div>\n\t\t\t\t\t<\/div>\n\t\t\t\t<\/div>\n\t\t<div class=\"elementor-element elementor-element-04bff1a e-flex e-con-boxed e-con e-parent\" data-id=\"04bff1a\" data-element_type=\"container\" data-settings=\"{&quot;content_width&quot;:&quot;boxed&quot;}\" data-core-v316-plus=\"true\">\n\t\t\t\t\t<div class=\"e-con-inner\">\n\t\t<div class=\"elementor-element elementor-element-3733f77 e-con-full e-flex e-con e-child\" data-id=\"3733f77\" data-element_type=\"container\" data-settings=\"{&quot;content_width&quot;:&quot;full&quot;}\">\n\t\t\t\t<div class=\"elementor-element elementor-element-b567329 elementor-widget elementor-widget-text-editor\" data-id=\"b567329\" data-element_type=\"widget\" data-widget_type=\"text-editor.default\">\n\t\t\t\t<div class=\"elementor-widget-container\">\n\t\t\t<style>\/*! elementor - v3.18.0 - 20-12-2023 *\/\n.elementor-widget-text-editor.elementor-drop-cap-view-stacked .elementor-drop-cap{background-color:#69727d;color:#fff}.elementor-widget-text-editor.elementor-drop-cap-view-framed .elementor-drop-cap{color:#69727d;border:3px solid;background-color:transparent}.elementor-widget-text-editor:not(.elementor-drop-cap-view-default) .elementor-drop-cap{margin-top:8px}.elementor-widget-text-editor:not(.elementor-drop-cap-view-default) .elementor-drop-cap-letter{width:1em;height:1em}.elementor-widget-text-editor .elementor-drop-cap{float:left;text-align:center;line-height:1;font-size:50px}.elementor-widget-text-editor .elementor-drop-cap-letter{display:inline-block}<\/style>\t\t\t\t<p>Adress:<br \/>Knierim Yachtbau<br \/>Uferstra\u00dfe 100 <br \/>24106 Kiel<\/p><p><strong><span style=\"color: var( --e-global-color-text ); font-family: var( --e-global-typography-text-font-family ), Sans-serif; font-size: 1rem; text-align: var(--text-align);\">Hinweis:<br \/><\/span><u style=\"color: var( --e-global-color-text ); font-family: var( --e-global-typography-text-font-family ), Sans-serif; font-size: 1rem; text-align: var(--text-align); font-weight: var( --e-global-typography-text-font-weight );\">When using Google Maps to find us, please enter the address Uferstra\u00dfe 100, 24106 Kiel and do not search for Knierim Yachtbau.<\/u><\/strong><\/p><p><span style=\"color: var( --e-global-color-text ); font-family: var( --e-global-typography-text-font-family ), Sans-serif; font-weight: var( --e-global-typography-text-font-weight ); text-align: var(--text-align); font-size: 1rem;\">Navigation systems and Google Maps will otherwise guide you via Schleusenstra\u00dfe to Uferstra\u00dfe. You will then end up in front of the closed gate of our neighbor Voith.\u00a0<\/span><\/p><p><span style=\"color: var( --e-global-color-text ); font-family: var( --e-global-typography-text-font-family ), Sans-serif; font-weight: var( --e-global-typography-text-font-weight ); text-align: var(--text-align); font-size: 1rem;\">Alternatively, follow the outlined route description:<\/span><\/p><p><strong>Access via A215 highway:<\/strong>\u00a0Leave the A215 at the Eckernf\u00f6rde \/ Olympiazentrum exit.<\/p><p>Follow the\u00a0<strong>B76<\/strong><strong>\u00a0<\/strong>until the exit\u00a0<strong>Holsteinstadion<\/strong>\u00a0and drive towards the stadium. Leave the stadium on your left and follow the\u00a0<strong>Projensdorfer Stra\u00dfe<\/strong>\u00a0until it makes a left turn and there are signs ahead to the\u00a0<strong>Nordhafen\/Pier 100<\/strong>\u00a0.<\/p><p>Drive down the road to the water, follow the access road along our building and turn left before the Voith company gate. Drive down to the water and you will end up directly in front of our\u00a0<strong>water-side office entrance<\/strong>. Our offices are located in the\u00a0<strong>second floor.<\/strong><\/p><p><strong>Deliveries<\/strong><strong>\u00a0<\/strong>for our warehouse: please continue and take the entrance next to the\u00a0<strong>first roller shutter<\/strong>\u00a0.<\/p><p>We welcome you warmly.<\/p>\t\t\t\t\t\t<\/div>\n\t\t\t\t<\/div>\n\t\t\t\t<\/div>\n\t\t<div class=\"elementor-element elementor-element-8f9fc10 e-con-full e-flex e-con e-child\" data-id=\"8f9fc10\" data-element_type=\"container\" data-settings=\"{&quot;content_width&quot;:&quot;full&quot;}\">\n\t\t\t\t<div class=\"elementor-element elementor-element-5e55092 elementor-widget elementor-widget-image\" data-id=\"5e55092\" data-element_type=\"widget\" data-widget_type=\"image.default\">\n\t\t\t\t<div class=\"elementor-widget-container\">\n\t\t\t<style>\/*! elementor - v3.18.0 - 20-12-2023 *\/\n.elementor-widget-image{text-align:center}.elementor-widget-image a{display:inline-block}.elementor-widget-image a img[src$=\".svg\"]{width:48px}.elementor-widget-image img{vertical-align:middle;display:inline-block}<\/style>\t\t\t\t\t\t\t\t\t\t\t\t<img fetchpriority=\"high\" width=\"400\" height=\"560\" src=\"https:\/\/www.knierim-yachtbau.de\/wp-content\/uploads\/2024\/01\/knierim-map.webp\" class=\"attachment-large size-large wp-image-2420\" alt=\"\" srcset=\"https:\/\/www.knierim-yachtbau.de\/wp-content\/uploads\/2024\/01\/knierim-map.webp 400w, https:\/\/www.knierim-yachtbau.de\/wp-content\/uploads\/2024\/01\/knierim-map-214x300.webp 214w, https:\/\/www.knierim-yachtbau.de\/wp-content\/uploads\/2024\/01\/knierim-map-9x12.webp 9w\" sizes=\"(max-width: 400px) 100vw, 400px\" \/>\t\t\t\t\t\t\t\t\t\t\t\t\t\t\t<\/div>\n\t\t\t\t<\/div>\n\t\t\t\t<\/div>\n\t\t\t\t\t<\/div>\n\t\t\t\t<\/div>\n\t\t\t\t\t\t\t<\/div>","protected":false},"excerpt":{"rendered":"<p>Anfahrt Hier geht&#8217;s zu Knierim Adresse:Knierim YachtbauUferstra\u00dfe 100 24106 Kiel Hinweis:Bitte geben Sie bei der Anfahrt mit Google Maps die Adresse Uferstra\u00dfe 100, 24106 Kiel ein und suchen Sie nicht nach der Firma Knierim Yachtbau. Navigationssysteme und Google Maps leiten Sie ansonsten \u00fcber die Schleusenstra\u00dfe zur Uferstra\u00dfe. Sie landen dann vor verschlossenem Tor unseres Nachbarn [&hellip;]<\/p>","protected":false},"author":1,"featured_media":0,"parent":0,"menu_order":0,"comment_status":"closed","ping_status":"closed","template":"","meta":[],"_links":{"self":[{"href":"https:\/\/www.knierim-yachtbau.de\/en\/wp-json\/wp\/v2\/pages\/1289"}],"collection":[{"href":"https:\/\/www.knierim-yachtbau.de\/en\/wp-json\/wp\/v2\/pages"}],"about":[{"href":"https:\/\/www.knierim-yachtbau.de\/en\/wp-json\/wp\/v2\/types\/page"}],"author":[{"embeddable":true,"href":"https:\/\/www.knierim-yachtbau.de\/en\/wp-json\/wp\/v2\/users\/1"}],"replies":[{"embeddable":true,"href":"https:\/\/www.knierim-yachtbau.de\/en\/wp-json\/wp\/v2\/comments?post=1289"}],"version-history":[{"count":34,"href":"https:\/\/www.knierim-yachtbau.de\/en\/wp-json\/wp\/v2\/pages\/1289\/revisions"}],"predecessor-version":[{"id":3082,"href":"https:\/\/www.knierim-yachtbau.de\/en\/wp-json\/wp\/v2\/pages\/1289\/revisions\/3082"}],"wp:attachment":[{"href":"https:\/\/www.knierim-yachtbau.de\/en\/wp-json\/wp\/v2\/media?parent=1289"}],"curies":[{"name":"wp","href":"https:\/\/api.w.org\/{rel}","templated":true}]}}