{"id":21,"date":"2023-11-29T16:05:01","date_gmt":"2023-11-29T16:05:01","guid":{"rendered":"https:\/\/www.knierim-yachtbau.de\/?page_id=21"},"modified":"2026-01-16T13:56:32","modified_gmt":"2026-01-16T13:56:32","slug":"home","status":"publish","type":"page","link":"https:\/\/www.knierim-yachtbau.de\/en\/","title":{"rendered":"Home"},"content":{"rendered":"<div data-elementor-type=\"wp-page\" data-elementor-id=\"21\" class=\"elementor elementor-21\">\n\t\t\t\t\t\t\t<div class=\"elementor-element elementor-element-78c9731 e-flex e-con-boxed e-con e-parent\" data-id=\"78c9731\" data-element_type=\"container\" data-settings=\"{&quot;content_width&quot;:&quot;boxed&quot;}\" data-core-v316-plus=\"true\">\n\t\t\t\t\t<div class=\"e-con-inner\">\n\t\t<div class=\"elementor-element elementor-element-a5eecdb e-con-full elementor-hidden-tablet elementor-hidden-mobile e-flex e-con e-child\" data-id=\"a5eecdb\" data-element_type=\"container\" data-settings=\"{&quot;content_width&quot;:&quot;full&quot;}\">\n\t\t\t\t<div class=\"elementor-element elementor-element-580401a elementor-widget elementor-widget-heading\" data-id=\"580401a\" data-element_type=\"widget\" data-widget_type=\"heading.default\">\n\t\t\t\t<div class=\"elementor-widget-container\">\n\t\t\t<style>\/*! elementor - v3.18.0 - 20-12-2023 *\/\n.elementor-heading-title{padding:0;margin:0;line-height:1}.elementor-widget-heading .elementor-heading-title[class*=elementor-size-]>a{color:inherit;font-size:inherit;line-height:inherit}.elementor-widget-heading .elementor-heading-title.elementor-size-small{font-size:15px}.elementor-widget-heading .elementor-heading-title.elementor-size-medium{font-size:19px}.elementor-widget-heading .elementor-heading-title.elementor-size-large{font-size:29px}.elementor-widget-heading .elementor-heading-title.elementor-size-xl{font-size:39px}.elementor-widget-heading .elementor-heading-title.elementor-size-xxl{font-size:59px}<\/style><h1 class=\"elementor-heading-title elementor-size-xxl\">Individual yachts<\/h1>\t\t<\/div>\n\t\t\t\t<\/div>\n\t\t\t\t<div class=\"elementor-element elementor-element-91cbe1b elementor-widget elementor-widget-heading\" data-id=\"91cbe1b\" data-element_type=\"widget\" data-widget_type=\"heading.default\">\n\t\t\t\t<div class=\"elementor-widget-container\">\n\t\t\t<h1 class=\"elementor-heading-title elementor-size-xxl\">Built in Germany<\/h1>\t\t<\/div>\n\t\t\t\t<\/div>\n\t\t\t\t<div class=\"elementor-element elementor-element-b1d07b9 elementor-view-default elementor-widget elementor-widget-icon\" data-id=\"b1d07b9\" data-element_type=\"widget\" data-widget_type=\"icon.default\">\n\t\t\t\t<div class=\"elementor-widget-container\">\n\t\t\t\t\t<div class=\"elementor-icon-wrapper\">\n\t\t\t<a class=\"elementor-icon elementor-animation-sink\" href=\"#about\">\n\t\t\t<svg aria-hidden=\"true\" class=\"e-font-icon-svg e-fas-angle-down\" viewbox=\"0 0 320 512\" xmlns=\"http:\/\/www.w3.org\/2000\/svg\"><path d=\"M143 352.3L7 216.3c-9.4-9.4-9.4-24.6 0-33.9l22.6-22.6c9.4-9.4 24.6-9.4 33.9 0l96.4 96.4 96.4-96.4c9.4-9.4 24.6-9.4 33.9 0l22.6 22.6c9.4 9.4 9.4 24.6 0 33.9l-136 136c-9.2 9.4-24.4 9.4-33.8 0z\"><\/path><\/svg>\t\t\t<\/a>\n\t\t<\/div>\n\t\t\t\t<\/div>\n\t\t\t\t<\/div>\n\t\t\t\t<\/div>\n\t\t<div class=\"elementor-element elementor-element-88477ea e-con-full e-flex e-con e-child\" data-id=\"88477ea\" data-element_type=\"container\" data-settings=\"{&quot;content_width&quot;:&quot;full&quot;}\">\n\t\t\t\t<div class=\"elementor-element elementor-element-ed0c475 elementor-hidden-desktop elementor-widget elementor-widget-heading\" data-id=\"ed0c475\" data-element_type=\"widget\" data-widget_type=\"heading.default\">\n\t\t\t\t<div class=\"elementor-widget-container\">\n\t\t\t<h2 class=\"elementor-heading-title elementor-size-default\">Individual yachts<\/h2>\t\t<\/div>\n\t\t\t\t<\/div>\n\t\t\t\t<div class=\"elementor-element elementor-element-34f2c95 elementor-hidden-desktop elementor-widget elementor-widget-heading\" data-id=\"34f2c95\" data-element_type=\"widget\" data-widget_type=\"heading.default\">\n\t\t\t\t<div class=\"elementor-widget-container\">\n\t\t\t<h2 class=\"elementor-heading-title elementor-size-default\">Built in Germany<\/h2>\t\t<\/div>\n\t\t\t\t<\/div>\n\t\t\t\t<div class=\"elementor-element elementor-element-14f34ac elementor-widget elementor-widget-image\" data-id=\"14f34ac\" data-element_type=\"widget\" data-widget_type=\"image.default\">\n\t\t\t\t<div class=\"elementor-widget-container\">\n\t\t\t<style>\/*! elementor - v3.18.0 - 20-12-2023 *\/\n.elementor-widget-image{text-align:center}.elementor-widget-image a{display:inline-block}.elementor-widget-image a img[src$=\".svg\"]{width:48px}.elementor-widget-image img{vertical-align:middle;display:inline-block}<\/style>\t\t\t\t\t\t\t\t\t\t\t\t<img fetchpriority=\"high\" width=\"800\" height=\"534\" src=\"https:\/\/www.knierim-yachtbau.de\/wp-content\/uploads\/2023\/11\/kr-header-1024x683.webp\" class=\"attachment-large size-large wp-image-36\" alt=\"\" srcset=\"https:\/\/www.knierim-yachtbau.de\/wp-content\/uploads\/2023\/11\/kr-header-1024x683.webp 1024w, https:\/\/www.knierim-yachtbau.de\/wp-content\/uploads\/2023\/11\/kr-header-300x200.webp 300w, https:\/\/www.knierim-yachtbau.de\/wp-content\/uploads\/2023\/11\/kr-header-768x512.webp 768w, https:\/\/www.knierim-yachtbau.de\/wp-content\/uploads\/2023\/11\/kr-header-1536x1024.webp 1536w, https:\/\/www.knierim-yachtbau.de\/wp-content\/uploads\/2023\/11\/kr-header-2048x1365.webp 2048w\" sizes=\"(max-width: 800px) 100vw, 800px\" \/>\t\t\t\t\t\t\t\t\t\t\t\t\t\t\t<\/div>\n\t\t\t\t<\/div>\n\t\t\t\t<\/div>\n\t\t\t\t\t<\/div>\n\t\t\t\t<\/div>\n\t\t<div class=\"elementor-element elementor-element-1ba20b1 e-flex e-con-boxed e-con e-parent\" data-id=\"1ba20b1\" data-element_type=\"container\" data-settings=\"{&quot;content_width&quot;:&quot;boxed&quot;}\" data-core-v316-plus=\"true\">\n\t\t\t\t\t<div class=\"e-con-inner\">\n\t\t\t\t<div class=\"elementor-element elementor-element-a4ddd30 elementor-widget-divider--view-line elementor-widget elementor-widget-divider\" data-id=\"a4ddd30\" data-element_type=\"widget\" data-widget_type=\"divider.default\">\n\t\t\t\t<div class=\"elementor-widget-container\">\n\t\t\t<style>\/*! elementor - v3.18.0 - 20-12-2023 *\/\n.elementor-widget-divider{--divider-border-style:none;--divider-border-width:1px;--divider-color:#0c0d0e;--divider-icon-size:20px;--divider-element-spacing:10px;--divider-pattern-height:24px;--divider-pattern-size:20px;--divider-pattern-url:none;--divider-pattern-repeat:repeat-x}.elementor-widget-divider .elementor-divider{display:flex}.elementor-widget-divider .elementor-divider__text{font-size:15px;line-height:1;max-width:95%}.elementor-widget-divider .elementor-divider__element{margin:0 var(--divider-element-spacing);flex-shrink:0}.elementor-widget-divider .elementor-icon{font-size:var(--divider-icon-size)}.elementor-widget-divider .elementor-divider-separator{display:flex;margin:0;direction:ltr}.elementor-widget-divider--view-line_icon .elementor-divider-separator,.elementor-widget-divider--view-line_text .elementor-divider-separator{align-items:center}.elementor-widget-divider--view-line_icon .elementor-divider-separator:after,.elementor-widget-divider--view-line_icon .elementor-divider-separator:before,.elementor-widget-divider--view-line_text .elementor-divider-separator:after,.elementor-widget-divider--view-line_text .elementor-divider-separator:before{display:block;content:\"\";border-bottom:0;flex-grow:1;border-top:var(--divider-border-width) var(--divider-border-style) var(--divider-color)}.elementor-widget-divider--element-align-left .elementor-divider .elementor-divider-separator>.elementor-divider__svg:first-of-type{flex-grow:0;flex-shrink:100}.elementor-widget-divider--element-align-left .elementor-divider-separator:before{content:none}.elementor-widget-divider--element-align-left .elementor-divider__element{margin-left:0}.elementor-widget-divider--element-align-right .elementor-divider .elementor-divider-separator>.elementor-divider__svg:last-of-type{flex-grow:0;flex-shrink:100}.elementor-widget-divider--element-align-right .elementor-divider-separator:after{content:none}.elementor-widget-divider--element-align-right .elementor-divider__element{margin-right:0}.elementor-widget-divider:not(.elementor-widget-divider--view-line_text):not(.elementor-widget-divider--view-line_icon) .elementor-divider-separator{border-top:var(--divider-border-width) var(--divider-border-style) var(--divider-color)}.elementor-widget-divider--separator-type-pattern{--divider-border-style:none}.elementor-widget-divider--separator-type-pattern.elementor-widget-divider--view-line .elementor-divider-separator,.elementor-widget-divider--separator-type-pattern:not(.elementor-widget-divider--view-line) .elementor-divider-separator:after,.elementor-widget-divider--separator-type-pattern:not(.elementor-widget-divider--view-line) .elementor-divider-separator:before,.elementor-widget-divider--separator-type-pattern:not([class*=elementor-widget-divider--view]) .elementor-divider-separator{width:100%;min-height:var(--divider-pattern-height);-webkit-mask-size:var(--divider-pattern-size) 100%;mask-size:var(--divider-pattern-size) 100%;-webkit-mask-repeat:var(--divider-pattern-repeat);mask-repeat:var(--divider-pattern-repeat);background-color:var(--divider-color);-webkit-mask-image:var(--divider-pattern-url);mask-image:var(--divider-pattern-url)}.elementor-widget-divider--no-spacing{--divider-pattern-size:auto}.elementor-widget-divider--bg-round{--divider-pattern-repeat:round}.rtl .elementor-widget-divider .elementor-divider__text{direction:rtl}.e-con-inner>.elementor-widget-divider,.e-con>.elementor-widget-divider{width:var(--container-widget-width,100%);--flex-grow:var(--container-widget-flex-grow)}<\/style>\t\t<div class=\"elementor-divider\">\n\t\t\t<span class=\"elementor-divider-separator\">\n\t\t\t\t\t\t<\/span>\n\t\t<\/div>\n\t\t\t\t<\/div>\n\t\t\t\t<\/div>\n\t\t\t\t<div class=\"elementor-element elementor-element-d4a60e1 elementor-widget elementor-widget-menu-anchor\" data-id=\"d4a60e1\" data-element_type=\"widget\" data-widget_type=\"menu-anchor.default\">\n\t\t\t\t<div class=\"elementor-widget-container\">\n\t\t\t<style>\/*! elementor - v3.18.0 - 20-12-2023 *\/\nbody.elementor-page .elementor-widget-menu-anchor{margin-bottom:0}<\/style>\t\t<div id=\"about\" class=\"elementor-menu-anchor\"><\/div>\n\t\t\t\t<\/div>\n\t\t\t\t<\/div>\n\t\t\t\t\t<\/div>\n\t\t\t\t<\/div>\n\t\t<div class=\"elementor-element elementor-element-57404b1 e-flex e-con-boxed e-con e-parent\" data-id=\"57404b1\" data-element_type=\"container\" data-settings=\"{&quot;content_width&quot;:&quot;boxed&quot;}\" data-core-v316-plus=\"true\">\n\t\t\t\t\t<div class=\"e-con-inner\">\n\t\t<div class=\"elementor-element elementor-element-66f83a6 e-con-full e-flex e-con e-child\" data-id=\"66f83a6\" data-element_type=\"container\" data-settings=\"{&quot;content_width&quot;:&quot;full&quot;}\">\n\t\t\t\t<div class=\"elementor-element elementor-element-549d02f elementor-widget elementor-widget-heading\" data-id=\"549d02f\" data-element_type=\"widget\" data-widget_type=\"heading.default\">\n\t\t\t\t<div class=\"elementor-widget-container\">\n\t\t\t<h2 class=\"elementor-heading-title elementor-size-default\">We understand<\/h2>\t\t<\/div>\n\t\t\t\t<\/div>\n\t\t\t\t<div class=\"elementor-element elementor-element-214ff92 elementor-widget elementor-widget-heading\" data-id=\"214ff92\" data-element_type=\"widget\" data-widget_type=\"heading.default\">\n\t\t\t\t<div class=\"elementor-widget-container\">\n\t\t\t<h2 class=\"elementor-heading-title elementor-size-default\">the craft of boatbuilding<\/h2>\t\t<\/div>\n\t\t\t\t<\/div>\n\t\t\t\t<div class=\"elementor-element elementor-element-f545a49 elementor-widget elementor-widget-text-editor\" data-id=\"f545a49\" data-element_type=\"widget\" data-widget_type=\"text-editor.default\">\n\t\t\t\t<div class=\"elementor-widget-container\">\n\t\t\t<style>\/*! elementor - v3.18.0 - 20-12-2023 *\/\n.elementor-widget-text-editor.elementor-drop-cap-view-stacked .elementor-drop-cap{background-color:#69727d;color:#fff}.elementor-widget-text-editor.elementor-drop-cap-view-framed .elementor-drop-cap{color:#69727d;border:3px solid;background-color:transparent}.elementor-widget-text-editor:not(.elementor-drop-cap-view-default) .elementor-drop-cap{margin-top:8px}.elementor-widget-text-editor:not(.elementor-drop-cap-view-default) .elementor-drop-cap-letter{width:1em;height:1em}.elementor-widget-text-editor .elementor-drop-cap{float:left;text-align:center;line-height:1;font-size:50px}.elementor-widget-text-editor .elementor-drop-cap-letter{display:inline-block}<\/style>\t\t\t\t<p><b>Knierim builds custom yachts according to the owner's individual wishes, using the latest wood or composite construction methods (carbon or GRP). Whether 30 feet or 30 meters long, an open motorboat, a comfortable cruising yacht for family vacations or an ocean-going racer for regattas - our know-how is your gain!<\/b><\/p><p>Mit der gleichen Pr\u00e4zision wie beim Neubau machen wir Ihre Yacht fit f\u00fcr die n\u00e4chste Saison oder Regatta \u2013 sorgf\u00e4ltig und termingerecht. Mit unserem werfteigenen Kran heben wir Yachten bis 25 t jederzeit aus dem Wasser, legen und setzen Ihren Mast, sorgen f\u00fcr ein glattes Unterwasserschiff, f\u00fchren technische \u00c4nderungen durch, verlegen neue Teakdecks, lackieren Rumpf, Deck, Naturholzteile oder Mast und Baum, reparieren Sch\u00e4den, erledigen Wartungsarbeiten an allen Systemen und liefern die ben\u00f6tigte Ausr\u00fcstung.<\/p><p>For boat storage, two large heated halls are used on our carefully guarded premises. Berths are available at short notice and for service purposes at our pier in the Kiel Canal.<\/p>\t\t\t\t\t\t<\/div>\n\t\t\t\t<\/div>\n\t\t\t\t<\/div>\n\t\t<div class=\"elementor-element elementor-element-7cdc9a9 e-con-full e-flex e-con e-child\" data-id=\"7cdc9a9\" data-element_type=\"container\" data-settings=\"{&quot;content_width&quot;:&quot;full&quot;}\">\n\t\t<div class=\"elementor-element elementor-element-e453bdf e-flex e-con-boxed e-con e-child\" data-id=\"e453bdf\" data-element_type=\"container\" data-settings=\"{&quot;content_width&quot;:&quot;boxed&quot;}\">\n\t\t\t\t\t<div class=\"e-con-inner\">\n\t\t\t\t<div class=\"elementor-element elementor-element-ba0f16b elementor-widget elementor-widget-image\" data-id=\"ba0f16b\" data-element_type=\"widget\" data-widget_type=\"image.default\">\n\t\t\t\t<div class=\"elementor-widget-container\">\n\t\t\t\t\t\t\t\t\t\t\t\t\t\t\t<img width=\"225\" height=\"300\" src=\"https:\/\/www.knierim-yachtbau.de\/wp-content\/uploads\/2023\/11\/kr-formbau-225x300.webp\" class=\"attachment-medium size-medium wp-image-219\" alt=\"\" srcset=\"https:\/\/www.knierim-yachtbau.de\/wp-content\/uploads\/2023\/11\/kr-formbau-225x300.webp 225w, https:\/\/www.knierim-yachtbau.de\/wp-content\/uploads\/2023\/11\/kr-formbau-768x1024.webp 768w, https:\/\/www.knierim-yachtbau.de\/wp-content\/uploads\/2023\/11\/kr-formbau-1152x1536.webp 1152w, https:\/\/www.knierim-yachtbau.de\/wp-content\/uploads\/2023\/11\/kr-formbau.webp 1200w\" sizes=\"(max-width: 225px) 100vw, 225px\" \/>\t\t\t\t\t\t\t\t\t\t\t\t\t\t\t<\/div>\n\t\t\t\t<\/div>\n\t\t\t\t<div class=\"elementor-element elementor-element-c346bc5 elementor-widget elementor-widget-image\" data-id=\"c346bc5\" data-element_type=\"widget\" data-widget_type=\"image.default\">\n\t\t\t\t<div class=\"elementor-widget-container\">\n\t\t\t\t\t\t\t\t\t\t\t\t\t\t\t<img width=\"250\" height=\"300\" src=\"https:\/\/www.knierim-yachtbau.de\/wp-content\/uploads\/2024\/01\/DNV-Type-Approved-Product-250x300.jpg\" class=\"attachment-medium size-medium wp-image-2832\" alt=\"\" srcset=\"https:\/\/www.knierim-yachtbau.de\/wp-content\/uploads\/2024\/01\/DNV-Type-Approved-Product-250x300.jpg 250w, https:\/\/www.knierim-yachtbau.de\/wp-content\/uploads\/2024\/01\/DNV-Type-Approved-Product-768x922.jpg 768w, https:\/\/www.knierim-yachtbau.de\/wp-content\/uploads\/2024\/01\/DNV-Type-Approved-Product-10x12.jpg 10w, https:\/\/www.knierim-yachtbau.de\/wp-content\/uploads\/2024\/01\/DNV-Type-Approved-Product.jpg 787w\" sizes=\"(max-width: 250px) 100vw, 250px\" \/>\t\t\t\t\t\t\t\t\t\t\t\t\t\t\t<\/div>\n\t\t\t\t<\/div>\n\t\t\t\t\t<\/div>\n\t\t\t\t<\/div>\n\t\t<div class=\"elementor-element elementor-element-482fb9a e-flex e-con-boxed e-con e-child\" data-id=\"482fb9a\" data-element_type=\"container\" data-settings=\"{&quot;content_width&quot;:&quot;boxed&quot;}\">\n\t\t\t\t\t<div class=\"e-con-inner\">\n\t\t\t\t\t<\/div>\n\t\t\t\t<\/div>\n\t\t\t\t<\/div>\n\t\t\t\t\t<\/div>\n\t\t\t\t<\/div>\n\t\t<div class=\"elementor-element elementor-element-59fa622 e-flex e-con-boxed e-con e-parent\" data-id=\"59fa622\" data-element_type=\"container\" data-settings=\"{&quot;content_width&quot;:&quot;boxed&quot;}\" data-core-v316-plus=\"true\">\n\t\t\t\t\t<div class=\"e-con-inner\">\n\t\t\t\t<div class=\"elementor-element elementor-element-713c615 elementor-widget-divider--view-line elementor-widget elementor-widget-divider\" data-id=\"713c615\" data-element_type=\"widget\" data-widget_type=\"divider.default\">\n\t\t\t\t<div class=\"elementor-widget-container\">\n\t\t\t\t\t<div class=\"elementor-divider\">\n\t\t\t<span class=\"elementor-divider-separator\">\n\t\t\t\t\t\t<\/span>\n\t\t<\/div>\n\t\t\t\t<\/div>\n\t\t\t\t<\/div>\n\t\t\t\t\t<\/div>\n\t\t\t\t<\/div>\n\t\t<div class=\"elementor-element elementor-element-ce88f55 e-flex e-con-boxed e-con e-parent\" data-id=\"ce88f55\" data-element_type=\"container\" data-settings=\"{&quot;content_width&quot;:&quot;boxed&quot;}\" data-core-v316-plus=\"true\">\n\t\t\t\t\t<div class=\"e-con-inner\">\n\t\t\t\t<div class=\"elementor-element elementor-element-4c09316 elementor-widget elementor-widget-heading\" data-id=\"4c09316\" data-element_type=\"widget\" data-widget_type=\"heading.default\">\n\t\t\t\t<div class=\"elementor-widget-container\">\n\t\t\t<h2 class=\"elementor-heading-title elementor-size-default\">Perfection according to your wishes<\/h2>\t\t<\/div>\n\t\t\t\t<\/div>\n\t\t\t\t<div class=\"elementor-element elementor-element-37afb37 elementor-widget elementor-widget-heading\" data-id=\"37afb37\" data-element_type=\"widget\" data-widget_type=\"heading.default\">\n\t\t\t\t<div class=\"elementor-widget-container\">\n\t\t\t<h2 class=\"elementor-heading-title elementor-size-default\">Our latest buildings<\/h2>\t\t<\/div>\n\t\t\t\t<\/div>\n\t\t\t\t\t<\/div>\n\t\t\t\t<\/div>\n\t\t<div class=\"elementor-element elementor-element-6f24a49 e-flex e-con-boxed e-con e-parent\" data-id=\"6f24a49\" data-element_type=\"container\" data-settings=\"{&quot;content_width&quot;:&quot;boxed&quot;}\" data-core-v316-plus=\"true\">\n\t\t\t\t\t<div class=\"e-con-inner\">\n\t\t<a class=\"elementor-element elementor-element-72d85b2 e-con-full e-flex e-con e-child\" data-id=\"72d85b2\" data-element_type=\"container\" data-settings=\"{&quot;content_width&quot;:&quot;full&quot;}\" href=\"https:\/\/www.knierim-yachtbau.de\/en\/momo-6mr\/\">\n\t\t\t\t<div class=\"elementor-element elementor-element-0f6f9ed elementor-widget elementor-widget-heading\" data-id=\"0f6f9ed\" data-element_type=\"widget\" data-widget_type=\"heading.default\">\n\t\t\t\t<div class=\"elementor-widget-container\">\n\t\t\t<h2 class=\"elementor-heading-title elementor-size-default\">MOMO<\/h2>\t\t<\/div>\n\t\t\t\t<\/div>\n\t\t\t\t<div class=\"elementor-element elementor-element-69f7fa2 elementor-widget elementor-widget-heading\" data-id=\"69f7fa2\" data-element_type=\"widget\" data-widget_type=\"heading.default\">\n\t\t\t\t<div class=\"elementor-widget-container\">\n\t\t\t<h2 class=\"elementor-heading-title elementor-size-default\">6mR Yacht<\/h2>\t\t<\/div>\n\t\t\t\t<\/div>\n\t\t\t\t<div class=\"elementor-element elementor-element-b17b17a elementor-widget elementor-widget-image\" data-id=\"b17b17a\" data-element_type=\"widget\" data-widget_type=\"image.default\">\n\t\t\t\t<div class=\"elementor-widget-container\">\n\t\t\t\t\t\t\t\t\t\t\t\t\t\t\t<img loading=\"lazy\" width=\"800\" height=\"571\" src=\"https:\/\/www.knierim-yachtbau.de\/wp-content\/uploads\/2026\/01\/MOMO_6mR-4-1024x731.jpg\" class=\"attachment-large size-large wp-image-3168\" alt=\"\" srcset=\"https:\/\/www.knierim-yachtbau.de\/wp-content\/uploads\/2026\/01\/MOMO_6mR-4-1024x731.jpg 1024w, https:\/\/www.knierim-yachtbau.de\/wp-content\/uploads\/2026\/01\/MOMO_6mR-4-300x214.jpg 300w, https:\/\/www.knierim-yachtbau.de\/wp-content\/uploads\/2026\/01\/MOMO_6mR-4-768x549.jpg 768w, https:\/\/www.knierim-yachtbau.de\/wp-content\/uploads\/2026\/01\/MOMO_6mR-4-18x12.jpg 18w, https:\/\/www.knierim-yachtbau.de\/wp-content\/uploads\/2026\/01\/MOMO_6mR-4.jpg 1400w\" sizes=\"(max-width: 800px) 100vw, 800px\" \/>\t\t\t\t\t\t\t\t\t\t\t\t\t\t\t<\/div>\n\t\t\t\t<\/div>\n\t\t\t\t<\/a>\n\t\t<a class=\"elementor-element elementor-element-c45951a e-con-full e-flex e-con e-child\" data-id=\"c45951a\" data-element_type=\"container\" data-settings=\"{&quot;content_width&quot;:&quot;full&quot;}\" href=\"https:\/\/www.knierim-yachtbau.de\/en\/bm-31-lake\/\">\n\t\t\t\t<div class=\"elementor-element elementor-element-72ca92f elementor-widget elementor-widget-heading\" data-id=\"72ca92f\" data-element_type=\"widget\" data-widget_type=\"heading.default\">\n\t\t\t\t<div class=\"elementor-widget-container\">\n\t\t\t<h2 class=\"elementor-heading-title elementor-size-default\">BM31 Lake<\/h2>\t\t<\/div>\n\t\t\t\t<\/div>\n\t\t\t\t<div class=\"elementor-element elementor-element-a5b7c5e elementor-widget elementor-widget-image\" data-id=\"a5b7c5e\" data-element_type=\"widget\" data-widget_type=\"image.default\">\n\t\t\t\t<div class=\"elementor-widget-container\">\n\t\t\t\t\t\t\t\t\t\t\t\t\t\t\t<img loading=\"lazy\" width=\"768\" height=\"549\" src=\"https:\/\/www.knierim-yachtbau.de\/wp-content\/uploads\/2026\/01\/BM31-Lake-3-768x549.jpg\" class=\"attachment-medium_large size-medium_large wp-image-3154\" alt=\"\" srcset=\"https:\/\/www.knierim-yachtbau.de\/wp-content\/uploads\/2026\/01\/BM31-Lake-3-768x549.jpg 768w, https:\/\/www.knierim-yachtbau.de\/wp-content\/uploads\/2026\/01\/BM31-Lake-3-300x214.jpg 300w, https:\/\/www.knierim-yachtbau.de\/wp-content\/uploads\/2026\/01\/BM31-Lake-3-1024x731.jpg 1024w, https:\/\/www.knierim-yachtbau.de\/wp-content\/uploads\/2026\/01\/BM31-Lake-3-18x12.jpg 18w, https:\/\/www.knierim-yachtbau.de\/wp-content\/uploads\/2026\/01\/BM31-Lake-3.jpg 1400w\" sizes=\"(max-width: 768px) 100vw, 768px\" \/>\t\t\t\t\t\t\t\t\t\t\t\t\t\t\t<\/div>\n\t\t\t\t<\/div>\n\t\t\t\t<\/a>\n\t\t<a class=\"elementor-element elementor-element-891e286 e-con-full e-flex e-con e-child\" data-id=\"891e286\" data-element_type=\"container\" data-settings=\"{&quot;content_width&quot;:&quot;full&quot;}\" href=\"https:\/\/www.knierim-yachtbau.de\/en\/auliana-surge-62-performance-cruiser\/\">\n\t\t\t\t<div class=\"elementor-element elementor-element-653104d elementor-widget elementor-widget-heading\" data-id=\"653104d\" data-element_type=\"widget\" data-widget_type=\"heading.default\">\n\t\t\t\t<div class=\"elementor-widget-container\">\n\t\t\t<h2 class=\"elementor-heading-title elementor-size-default\">AULIANA<\/h2>\t\t<\/div>\n\t\t\t\t<\/div>\n\t\t\t\t<div class=\"elementor-element elementor-element-ed45ea0 elementor-widget elementor-widget-heading\" data-id=\"ed45ea0\" data-element_type=\"widget\" data-widget_type=\"heading.default\">\n\t\t\t\t<div class=\"elementor-widget-container\">\n\t\t\t<h2 class=\"elementor-heading-title elementor-size-default\">Surge 62<\/h2>\t\t<\/div>\n\t\t\t\t<\/div>\n\t\t\t\t<div class=\"elementor-element elementor-element-cb799a8 elementor-widget elementor-widget-image\" data-id=\"cb799a8\" data-element_type=\"widget\" data-widget_type=\"image.default\">\n\t\t\t\t<div class=\"elementor-widget-container\">\n\t\t\t\t\t\t\t\t\t\t\t\t\t\t\t<img loading=\"lazy\" width=\"800\" height=\"534\" src=\"https:\/\/www.knierim-yachtbau.de\/wp-content\/uploads\/2024\/01\/auliana_Surge62-4-1024x683.webp\" class=\"attachment-large size-large wp-image-2286\" alt=\"\" srcset=\"https:\/\/www.knierim-yachtbau.de\/wp-content\/uploads\/2024\/01\/auliana_Surge62-4-1024x683.webp 1024w, https:\/\/www.knierim-yachtbau.de\/wp-content\/uploads\/2024\/01\/auliana_Surge62-4-300x200.webp 300w, https:\/\/www.knierim-yachtbau.de\/wp-content\/uploads\/2024\/01\/auliana_Surge62-4-768x512.webp 768w, https:\/\/www.knierim-yachtbau.de\/wp-content\/uploads\/2024\/01\/auliana_Surge62-4-1536x1024.webp 1536w, https:\/\/www.knierim-yachtbau.de\/wp-content\/uploads\/2024\/01\/auliana_Surge62-4-18x12.webp 18w, https:\/\/www.knierim-yachtbau.de\/wp-content\/uploads\/2024\/01\/auliana_Surge62-4.webp 2048w\" sizes=\"(max-width: 800px) 100vw, 800px\" \/>\t\t\t\t\t\t\t\t\t\t\t\t\t\t\t<\/div>\n\t\t\t\t<\/div>\n\t\t\t\t<\/a>\n\t\t\t\t\t<\/div>\n\t\t\t\t<\/div>\n\t\t<div class=\"elementor-element elementor-element-ee87c4b e-flex e-con-boxed e-con e-parent\" data-id=\"ee87c4b\" data-element_type=\"container\" data-settings=\"{&quot;content_width&quot;:&quot;boxed&quot;}\" data-core-v316-plus=\"true\">\n\t\t\t\t\t<div class=\"e-con-inner\">\n\t\t\t\t<div class=\"elementor-element elementor-element-9a6ab70 elementor-align-center elementor-widget elementor-widget-button\" data-id=\"9a6ab70\" data-element_type=\"widget\" data-widget_type=\"button.default\">\n\t\t\t\t<div class=\"elementor-widget-container\">\n\t\t\t\t\t<div class=\"elementor-button-wrapper\">\n\t\t\t<a class=\"elementor-button elementor-button-link elementor-size-sm\" href=\"https:\/\/www.knierim-yachtbau.de\/en\/gebaute-yachten\/\">\n\t\t\t\t\t\t<span class=\"elementor-button-content-wrapper\">\n\t\t\t\t\t\t<span class=\"elementor-button-text\">All new buildings<\/span>\n\t\t<\/span>\n\t\t\t\t\t<\/a>\n\t\t<\/div>\n\t\t\t\t<\/div>\n\t\t\t\t<\/div>\n\t\t\t\t\t<\/div>\n\t\t\t\t<\/div>\n\t\t\t\t\t\t\t<\/div>","protected":false},"excerpt":{"rendered":"<p>Individuelle Yachten In Deutschland gebaut Individuelle Yachten In Deutschland gebaut Wir verstehen unser Handwerk Knierim baut Yachten nach individuellen W\u00fcnschen des Eigners in modernster Holz- oder Komposit-Bauweise (Carbon oder GFK). Ob 30 Fu\u00df oder 30 Meter lang, offenes Motorboot, gem\u00fctliche Fahrtenyacht f\u00fcr den Familienurlaub oder Hochseerennziege f\u00fcr den Regattaeinsatz \u2013 unser Know-how ist Ihr Gewinn! [&hellip;]<\/p>","protected":false},"author":1,"featured_media":0,"parent":0,"menu_order":0,"comment_status":"closed","ping_status":"closed","template":"","meta":[],"_links":{"self":[{"href":"https:\/\/www.knierim-yachtbau.de\/en\/wp-json\/wp\/v2\/pages\/21"}],"collection":[{"href":"https:\/\/www.knierim-yachtbau.de\/en\/wp-json\/wp\/v2\/pages"}],"about":[{"href":"https:\/\/www.knierim-yachtbau.de\/en\/wp-json\/wp\/v2\/types\/page"}],"author":[{"embeddable":true,"href":"https:\/\/www.knierim-yachtbau.de\/en\/wp-json\/wp\/v2\/users\/1"}],"replies":[{"embeddable":true,"href":"https:\/\/www.knierim-yachtbau.de\/en\/wp-json\/wp\/v2\/comments?post=21"}],"version-history":[{"count":268,"href":"https:\/\/www.knierim-yachtbau.de\/en\/wp-json\/wp\/v2\/pages\/21\/revisions"}],"predecessor-version":[{"id":3202,"href":"https:\/\/www.knierim-yachtbau.de\/en\/wp-json\/wp\/v2\/pages\/21\/revisions\/3202"}],"wp:attachment":[{"href":"https:\/\/www.knierim-yachtbau.de\/en\/wp-json\/wp\/v2\/media?parent=21"}],"curies":[{"name":"wp","href":"https:\/\/api.w.org\/{rel}","templated":true}]}}